{"id":14186,"date":"2024-07-12T00:08:27","date_gmt":"2024-07-12T00:08:27","guid":{"rendered":"https:\/\/antic-kosta.com\/?post_type=product&#038;p=14186"},"modified":"2024-09-08T13:12:55","modified_gmt":"2024-09-08T13:12:55","slug":"30716-revizioni-otvor-400x400mm","status":"publish","type":"product","link":"https:\/\/antic-kosta.com\/de\/proizvod\/30716-revizioni-otvor-400x400mm\/","title":{"rendered":"30716 Sichtloch 400x400mm"},"content":{"rendered":"<div data-elementor-type=\"wp-post\" data-elementor-id=\"14186\" class=\"elementor elementor-14186\">\n\t\t\t\t\t\t<section class=\"elementor-section elementor-top-section elementor-element elementor-element-066ec2e elementor-section-boxed elementor-section-height-default elementor-section-height-default\" data-id=\"066ec2e\" data-element_type=\"section\">\n\t\t\t\t\t\t<div class=\"elementor-container elementor-column-gap-no\">\n\t\t\t\t\t<div class=\"elementor-column elementor-col-100 elementor-top-column elementor-element elementor-element-b02ce02\" data-id=\"b02ce02\" data-element_type=\"column\" data-settings=\"{&quot;background_background&quot;:&quot;classic&quot;}\">\n\t\t\t<div class=\"elementor-widget-wrap elementor-element-populated\">\n\t\t\t\t\t\t<div class=\"elementor-element elementor-element-b5e18a0 elementor-widget elementor-widget-heading\" data-id=\"b5e18a0\" data-element_type=\"widget\" data-widget_type=\"heading.default\">\n\t\t\t\t<div class=\"elementor-widget-container\">\n\t\t\t<style>\/*! elementor - v3.22.0 - 26-06-2024 *\/\n.elementor-heading-title{padding:0;margin:0;line-height:1}.elementor-widget-heading .elementor-heading-title[class*=elementor-size-]>a{color:inherit;font-size:inherit;line-height:inherit}.elementor-widget-heading .elementor-heading-title.elementor-size-small{font-size:15px}.elementor-widget-heading .elementor-heading-title.elementor-size-medium{font-size:19px}.elementor-widget-heading .elementor-heading-title.elementor-size-large{font-size:29px}.elementor-widget-heading .elementor-heading-title.elementor-size-xl{font-size:39px}.elementor-widget-heading .elementor-heading-title.elementor-size-xxl{font-size:59px}<\/style><div class=\"elementor-heading-title elementor-size-default\">Produktinformationen<\/div>\t\t<\/div>\n\t\t\t\t<\/div>\n\t\t\t\t<section class=\"elementor-section elementor-inner-section elementor-element elementor-element-27c1de4 elementor-section-boxed elementor-section-height-default elementor-section-height-default\" data-id=\"27c1de4\" data-element_type=\"section\">\n\t\t\t\t\t\t<div class=\"elementor-container elementor-column-gap-no\">\n\t\t\t\t\t<div class=\"elementor-column elementor-col-100 elementor-inner-column elementor-element elementor-element-3ba9355\" data-id=\"3ba9355\" data-element_type=\"column\">\n\t\t\t<div class=\"elementor-widget-wrap elementor-element-populated\">\n\t\t\t\t<div class=\"elementor-element elementor-element-3c53564 e-con-full e-flex e-con e-parent\" data-id=\"3c53564\" data-element_type=\"container\">\n\t\t\t\t<div class=\"elementor-element elementor-element-8944e91 elementor-view-default elementor-widget elementor-widget-icon\" data-id=\"8944e91\" data-element_type=\"widget\" data-widget_type=\"icon.default\">\n\t\t\t\t<div class=\"elementor-widget-container\">\n\t\t\t\t\t<div class=\"elementor-icon-wrapper\">\n\t\t\t<div class=\"elementor-icon\">\n\t\t\t<svg xmlns=\"http:\/\/www.w3.org\/2000\/svg\" xmlns:xlink=\"http:\/\/www.w3.org\/1999\/xlink\" id=\"Capa_1\" x=\"0px\" y=\"0px\" viewbox=\"0 0 511.999 511.999\" style=\"enable-background:new 0 0 511.999 511.999;\" xml:space=\"preserve\"><g>\t<g>\t\t<path d=\"M437.345,186.893l-10.042,10.049c-1.353,1.341-2.695,2.512-4.031,3.591c11.561,25.895,18.054,54.54,18.054,84.685   c0,114.916-93.496,208.405-208.417,208.405c-114.928,0-208.423-93.489-208.423-208.405c0-114.904,93.496-208.386,208.423-208.386   c23.938,0,46.918,4.11,68.35,11.566v-0.007c2.042-3.244,4.426-6.475,7.689-9.762l5.158-5.165   c-25.219-9.676-52.577-15.03-81.191-15.03C107.665,58.442,6.097,159.979,6.097,285.211c0,125.251,101.568,226.788,226.813,226.788   c125.263,0,226.807-101.538,226.807-226.788C459.716,249.993,451.687,216.635,437.345,186.893z\"><\/path>\t<\/g><\/g><g>\t<g>\t\t<path d=\"M371.921,214.587h-20.615c10.487,19.176,16.457,41.151,16.457,64.497c0,74.356-60.497,134.847-134.854,134.847   c-74.362,0-134.859-60.492-134.859-134.847c-0.001-74.346,60.496-134.836,134.859-134.836c20.902,0,40.718,4.78,58.393,13.311   v-20.145c-18-7.426-37.717-11.554-58.393-11.554c-84.642,0-153.255,68.607-153.255,153.225s68.612,153.237,153.255,153.237   c84.624,0,153.249-68.619,153.249-153.237C386.159,256.036,381.031,234.196,371.921,214.587z\"><\/path>\t<\/g><\/g><g>\t<g>\t\t<path d=\"M504.47,75.794c-1.433-2.781-3.75-4.725-6.042-5.897c-2.311-1.183-4.671-1.738-7.085-1.987l-43.773-4.366   c-0.891-0.067-2.293-0.683-3.39-1.804c-1.122-1.098-1.738-2.5-1.799-3.39l-4.384-43.79c-0.342-3.201-1.189-6.384-3.42-9.347   c-1.11-1.464-2.628-2.829-4.464-3.78c-1.83-0.951-3.939-1.439-5.926-1.433c-2.555,0.007-4.823,0.725-6.731,1.707   c-1.909,1-3.53,2.28-4.994,3.737l-88.349,88.349c-3.591,3.64-6.146,8.018-8.11,12.7c-1.914,4.701-3.213,9.61-3.25,14.725v50.455   c0.012,3.457,0.903,6.677,2.36,9.567l-38.016,39.15c-12.317-9.28-27.577-14.859-44.187-14.859   c-40.633,0-73.558,32.937-73.558,73.551s32.925,73.551,73.558,73.551c40.614,0,73.558-32.937,73.558-73.551   c0-17.377-6.066-33.322-16.151-45.912l39.376-40.541c1.464,0.311,2.964,0.494,4.524,0.5h50.485   c5.115-0.036,10.024-1.329,14.718-3.244c4.689-1.97,9.066-4.524,12.712-8.115l88.331-88.325c1.457-1.464,2.731-3.085,3.732-4.999   c0.982-1.909,1.707-4.176,1.707-6.725C505.921,79.739,505.433,77.624,504.47,75.794z M232.91,334.252   c-30.425,0-55.175-24.743-55.175-55.163c0-30.413,24.749-55.163,55.175-55.163c11.604,0,22.371,3.622,31.266,9.767l-37.864,38.998   c-3.537,3.64-3.451,9.463,0.19,12.999c3.64,3.537,9.469,3.451,13.006-0.19l37.84-38.962c6.712,9.135,10.73,20.366,10.73,32.549   C288.078,309.509,263.329,334.252,232.91,334.252z M331.155,164.742v-43.516c-0.036-1.622,0.628-4.799,1.854-7.689   c1.165-2.902,2.945-5.616,4.122-6.738l83.301-83.294l3.665,36.687c0.256,2.469,0.963,4.756,1.902,6.896L331.155,164.742z    M399.133,168.778c-1.134,1.171-3.836,2.945-6.738,4.122c-2.89,1.226-6.066,1.89-7.689,1.854h-37.645l92.002-94.739   c2.085,0.891,4.286,1.567,6.682,1.823l36.669,3.658L399.133,168.778z\"><\/path>\t<\/g><\/g><g><\/g><g><\/g><g><\/g><g><\/g><g><\/g><g><\/g><g><\/g><g><\/g><g><\/g><g><\/g><g><\/g><g><\/g><g><\/g><g><\/g><g><\/g><\/svg>\t\t\t<\/div>\n\t\t<\/div>\n\t\t\t\t<\/div>\n\t\t\t\t<\/div>\n\t\t<div class=\"elementor-element elementor-element-034e7f6 e-flex e-con-boxed e-con e-child\" data-id=\"034e7f6\" data-element_type=\"container\">\n\t\t\t\t\t<div class=\"e-con-inner\">\n\t\t\t\t<div class=\"elementor-element elementor-element-fa6892e elementor-widget elementor-widget-heading\" data-id=\"fa6892e\" data-element_type=\"widget\" data-widget_type=\"heading.default\">\n\t\t\t\t<div class=\"elementor-widget-container\">\n\t\t\t<h4 class=\"elementor-heading-title elementor-size-default\">Zweck und Eigenschaften<\/h4>\t\t<\/div>\n\t\t\t\t<\/div>\n\t\t\t\t<div class=\"elementor-element elementor-element-f50d101 elementor-widget__width-initial elementor-widget elementor-widget-text-editor\" data-id=\"f50d101\" data-element_type=\"widget\" data-widget_type=\"text-editor.default\">\n\t\t\t\t<div class=\"elementor-widget-container\">\n\t\t\t<style>\/*! elementor - v3.22.0 - 26-06-2024 *\/\n.elementor-widget-text-editor.elementor-drop-cap-view-stacked .elementor-drop-cap{background-color:#69727d;color:#fff}.elementor-widget-text-editor.elementor-drop-cap-view-framed .elementor-drop-cap{color:#69727d;border:3px solid;background-color:transparent}.elementor-widget-text-editor:not(.elementor-drop-cap-view-default) .elementor-drop-cap{margin-top:8px}.elementor-widget-text-editor:not(.elementor-drop-cap-view-default) .elementor-drop-cap-letter{width:1em;height:1em}.elementor-widget-text-editor .elementor-drop-cap{float:left;text-align:center;line-height:1;font-size:50px}.elementor-widget-text-editor .elementor-drop-cap-letter{display:inline-block}<\/style>\t\t\t\t<p>Inspektionsluke mit <strong>verstecktes \u00d6ffnungs- und Schlie\u00dfsystem<\/strong> - Klick-Klack-Mechanismus, er ist in Gipskartonplatten eingebaut, um einen leichteren Zugang zu versteckten Installationen zu erm\u00f6glichen.<\/p><p>Der \u00e4u\u00dfere und innere Rahmen des Produkts besteht aus <strong>Aluminiumprofile<\/strong>.<\/p><p>Die Profile werden mit HV-Blechecken verbunden. Revisionst\u00fcren bestehen aus Aluminiumprofilen und werden mit Putz versehen. Nach dem Verbinden werden der Au\u00dfen- und Innenrahmen des Produkts<br \/>plastifiziert.<\/p><p>Die Revisions\u00f6ffnung wird in 5 Standardgr\u00f6\u00dfen (200\u00d7200, 300\u00d7300, 400\u00d7400, 500\u00d7500, 600\u00d7600) hergestellt und kann in <strong>Abmessungen auf Anfrage<\/strong> Kunden.<\/p>\t\t\t\t\t\t<\/div>\n\t\t\t\t<\/div>\n\t\t\t\t\t<\/div>\n\t\t\t\t<\/div>\n\t\t\t\t<\/div>\n\t\t\t\t\t<\/div>\n\t\t<\/div>\n\t\t\t\t\t<\/div>\n\t\t<\/section>\n\t\t\t\t\t<\/div>\n\t\t<\/div>\n\t\t\t\t\t<\/div>\n\t\t<\/section>\n\t\t\t\t<\/div>","protected":false},"excerpt":{"rendered":"<p>Informacije o proizvodu Namena i karakteristike Revizioni otvor sa skrivenim sistemom za otvaranje i zatvaranje &#8211; klik klak mehanizam, ugra\u0111uje se u gipsane plo\u010de kako bi omogu\u0107io lak\u0161i pristup skrivenim instalacijama. Spolja\u0161nji i unutra\u0161nji ram proizvoda je napravljen od aluminijumskih profila. Profili se spajaju ugaonicima od HV lima. Revizijska vratanca su napravljena od aluminijumskih profila [&hellip;]<\/p>","protected":false},"featured_media":14178,"comment_status":"open","ping_status":"closed","template":"","meta":[],"product_cat":[181],"product_tag":[],"class_list":{"0":"post-14186","1":"product","2":"type-product","3":"status-publish","4":"has-post-thumbnail","6":"product_cat-revizioni-otvori","8":"first","9":"instock","10":"shipping-taxable","11":"product-type-simple"},"_links":{"self":[{"href":"https:\/\/antic-kosta.com\/de\/wp-json\/wp\/v2\/product\/14186","targetHints":{"allow":["GET"]}}],"collection":[{"href":"https:\/\/antic-kosta.com\/de\/wp-json\/wp\/v2\/product"}],"about":[{"href":"https:\/\/antic-kosta.com\/de\/wp-json\/wp\/v2\/types\/product"}],"replies":[{"embeddable":true,"href":"https:\/\/antic-kosta.com\/de\/wp-json\/wp\/v2\/comments?post=14186"}],"version-history":[{"count":0,"href":"https:\/\/antic-kosta.com\/de\/wp-json\/wp\/v2\/product\/14186\/revisions"}],"wp:featuredmedia":[{"embeddable":true,"href":"https:\/\/antic-kosta.com\/de\/wp-json\/wp\/v2\/media\/14178"}],"wp:attachment":[{"href":"https:\/\/antic-kosta.com\/de\/wp-json\/wp\/v2\/media?parent=14186"}],"wp:term":[{"taxonomy":"product_cat","embeddable":true,"href":"https:\/\/antic-kosta.com\/de\/wp-json\/wp\/v2\/product_cat?post=14186"},{"taxonomy":"product_tag","embeddable":true,"href":"https:\/\/antic-kosta.com\/de\/wp-json\/wp\/v2\/product_tag?post=14186"}],"curies":[{"name":"wp","href":"https:\/\/api.w.org\/{rel}","templated":true}]}}