{"id":14348,"date":"2024-08-26T18:40:12","date_gmt":"2024-08-26T18:40:12","guid":{"rendered":"https:\/\/antic-kosta.com\/?page_id=14348"},"modified":"2024-08-26T18:40:55","modified_gmt":"2024-08-26T18:40:55","slug":"uslovi-prodaje-i-koriscenja","status":"publish","type":"page","link":"https:\/\/antic-kosta.com\/de\/uslovi-prodaje-i-koriscenja\/","title":{"rendered":"Uslovi prodaje i kori\u0161\u0107enja"},"content":{"rendered":"<div data-elementor-type=\"wp-page\" data-elementor-id=\"14348\" class=\"elementor elementor-14348\">\n\t\t\t\t<div class=\"elementor-element elementor-element-5a2c2a4 e-flex e-con-boxed e-con e-parent\" data-id=\"5a2c2a4\" data-element_type=\"container\">\n\t\t\t\t\t<div class=\"e-con-inner\">\n\t\t\t\t<div class=\"elementor-element elementor-element-57b2dac elementor-widget elementor-widget-text-editor\" data-id=\"57b2dac\" data-element_type=\"widget\" data-widget_type=\"text-editor.default\">\n\t\t\t\t<div class=\"elementor-widget-container\">\n\t\t\t<style>\/*! elementor - v3.22.0 - 26-06-2024 *\/\n.elementor-widget-text-editor.elementor-drop-cap-view-stacked .elementor-drop-cap{background-color:#69727d;color:#fff}.elementor-widget-text-editor.elementor-drop-cap-view-framed .elementor-drop-cap{color:#69727d;border:3px solid;background-color:transparent}.elementor-widget-text-editor:not(.elementor-drop-cap-view-default) .elementor-drop-cap{margin-top:8px}.elementor-widget-text-editor:not(.elementor-drop-cap-view-default) .elementor-drop-cap-letter{width:1em;height:1em}.elementor-widget-text-editor .elementor-drop-cap{float:left;text-align:center;line-height:1;font-size:50px}.elementor-widget-text-editor .elementor-drop-cap-letter{display:inline-block}<\/style>\t\t\t\t<p><strong>Allgemeine Verkaufs- und Nutzungsbedingungen<\/strong><\/p><p><strong>Einf\u00fchrung<\/strong><\/p><p>Diese Verkaufs- und Nutzungsbedingungen regeln den Kauf und die Nutzung der Produkte und Dienstleistungen der Firma Anti\u0107 Kosta doo Stala\u0107. Mit dem Zugriff auf, der Ansicht oder der Nutzung unserer Dienste erkl\u00e4ren Sie sich mit allen in diesem Dokument aufgef\u00fchrten Bedingungen einverstanden. Bitte lesen Sie alle Bedingungen sorgf\u00e4ltig durch, bevor Sie unsere Website weiter nutzen und Produkte erwerben. Unser Ziel ist es, durch Transparenz unserer Abl\u00e4ufe und Erwartungen gegenseitiges Vertrauen und Zufriedenheit zu schaffen.<\/p><p><strong>Definitionen der wichtigsten Begriffe<\/strong><\/p><p>In diesem Dokument haben die folgenden Begriffe eine spezifische Bedeutung:<\/p><ul><li><strong>&quot;Unternehmen&quot;<\/strong> bezieht sich auf &quot;Anti\u0107 Kosta doo Stala\u0107&quot;, das Produkte und Dienstleistungen \u00fcber diese Website anbietet.<\/li><li><strong>&quot;Kunde&quot; oder &quot;Benutzer&quot;<\/strong> ist eine Person oder Organisation, die unsere Website nutzt oder unsere Produkte kauft.<\/li><li><strong>\u201eProdukte\u201c<\/strong> umfassen alle Artikel der Metallkurzwaren, die wir herstellen und verkaufen.<\/li><li><strong>\u201eDienstleistungen\u201c<\/strong> einschlie\u00dflich aller von uns angebotenen Service- und Unterst\u00fctzungsleistungen.<\/li><li><strong>&quot;Website&quot;<\/strong> bezieht sich auf unsere Online-Pr\u00e4senz, \u00fcber die wir Informationen, Produkte und Dienstleistungen anbieten.<\/li><\/ul><p><strong>Bestellvorgang<\/strong><\/p><p>Um Produkte \u00fcber unsere Website zu bestellen, befolgen Sie bitte die folgenden Schritte:<\/p><ol><li><strong>Produktauswahl:<\/strong> St\u00f6bern Sie in unserem Sortiment und w\u00e4hlen Sie die gew\u00fcnschten Produkte aus.<\/li><li><strong>In den Warenkorb legen:<\/strong> F\u00fcge die ausgew\u00e4hlten Produkte dem Warenkorb hinzu.<\/li><li><strong>Registrierung\/Anmeldung:<\/strong> Melden Sie sich in Ihrem Konto an oder registrieren Sie sich, falls Sie ein neuer Benutzer sind.<\/li><li><strong>Eingabe der Lieferinformationen:<\/strong> Geben Sie die f\u00fcr den Versand der Bestellung erforderlichen Informationen ein.<\/li><li><strong>Wahl der Zahlungsmethode:<\/strong> Die Zahlung erfolgt per Nachnahme.<\/li><li><strong>Auftragsbest\u00e4tigung:<\/strong> Bitte best\u00e4tigen Sie Ihre Bestellung, indem Sie alle eingegebenen Informationen \u00fcberpr\u00fcfen und best\u00e4tigen.<\/li><li><strong>Bestellstatusbenachrichtigung:<\/strong> Nach der Best\u00e4tigung erhalten Sie eine Benachrichtigung \u00fcber den Status und die voraussichtliche Lieferzeit.<\/li><\/ol><p><strong>Zahlung<\/strong><\/p><p>Es gibt zwei Zahlungsoptionen, abh\u00e4ngig von der Art der Dienstleistung:<\/p><ul><li><strong>Produktkauf:<\/strong> Wenn Sie nur das Produkt kaufen, erfolgt die Bezahlung per Nachnahme. Die Zahlung wird direkt an den Lieferanten bei der Lieferung geleistet.<\/li><li><strong>Kauf von Produkten inklusive Installation:<\/strong> Wenn Sie neben den Produkten auch unseren Installationsservice in Anspruch nehmen m\u00f6chten, kann die Zahlung direkt nach Abschluss der Arbeiten oder per \u00dcberweisung auf unser Firmenkonto erfolgen. In diesem Fall bieten wir Ihnen die M\u00f6glichkeit der Zahlung per Barzahlung oder Bank\u00fcberweisung nach Lieferung der Produkte und erfolgter Installation.<\/li><\/ul><p><strong>Lieferung<\/strong><\/p><p>Die Lieferung unserer Produkte erfolgt nach klar definierten Verfahren, um eine schnelle und sichere Zustellung Ihrer Bestellung zu gew\u00e4hrleisten. Nach Best\u00e4tigung Ihrer Bestellung werden die Produkte vorbereitet und an die von Ihnen angegebene Adresse versandt. Die Lieferzeiten k\u00f6nnen je nach Lieferort und Produktverf\u00fcgbarkeit variieren. Bei Installationsleistungen stimmen wir mit Ihnen den Termin f\u00fcr die Ankunft unserer Techniker ab. F\u00fcr alle Bestellungen nutzen wir zuverl\u00e4ssige Kurierdienste, um das Risiko von Verz\u00f6gerungen oder Besch\u00e4digungen zu minimieren.<\/p><p><strong>R\u00fccksendungen und Beschwerden<\/strong><\/p><p>Unser Ziel ist Ihre vollste Zufriedenheit mit jedem Kauf. Sollten Sie aus irgendeinem Grund mit dem Produkt nicht zufrieden sein, k\u00f6nnen Sie es innerhalb von 14 Tagen ab Lieferdatum zur\u00fccksenden. Das Produkt muss sich im Originalzustand befinden, unbenutzt sein und alle dazugeh\u00f6rigen Dokumente enthalten.<\/p><p>F\u00fcr eine R\u00fcckerstattung oder einen Produktumtausch kontaktieren Sie bitte unseren Kundenservice, um die R\u00fccksendedetails zu vereinbaren und das Produkt abzuholen.<\/p><p>Sollten Sie einen Produktmangel oder ein Installationsproblem feststellen, informieren Sie uns bitte umgehend. Gem\u00e4\u00df unserer Richtlinie k\u00f6nnen Reklamationen innerhalb der f\u00fcr jedes Produkt geltenden Garantiezeit eingereicht werden. Nach Eingang Ihrer Reklamation wird das Produkt von unseren Experten gepr\u00fcft. Best\u00e4tigt sich die Reklamation, wird das Produkt je nach Ihrer Wahl repariert, ersetzt oder der Kaufpreis erstattet.<\/p><p>Bitte richten Sie alle R\u00fcckgabe- oder Beschwerdeanfragen per E-Mail oder Telefon an uns, damit wir Ihre Anliegen effektiv bearbeiten und l\u00f6sen k\u00f6nnen.<\/p><p><strong>Haftungsbeschr\u00e4nkung<\/strong><\/p><p>Unser Unternehmen Anti\u0107 Kosta doo Stala\u0107 ist bestrebt, Produkte von h\u00f6chster Qualit\u00e4t anzubieten. Alle unsere Produkte unterliegen einer Garantie, die Herstellungsfehler abdeckt. Sollte es dennoch zu einem Problem mit dem Produkt kommen, garantieren wir, dass es fehlerfrei ist und \u00fcbernehmen die Verantwortung f\u00fcr etwaige Herstellungsfehler.<\/p><p>Es gibt jedoch Situationen, in denen unsere Haftung beschr\u00e4nkt ist:<\/p><ul><li><strong>Zustellungsfehler:<\/strong> Sollte es w\u00e4hrend der Lieferung zu einem Problem kommen, das in der Verantwortung eines Dritten liegt, wie z. B. Produktverlust oder -besch\u00e4digung, wird unser Unternehmen versuchen, das Problem zu l\u00f6sen. Die Verantwortung kann jedoch begrenzt sein, da wir keine direkte Kontrolle \u00fcber die Lieferdienste haben.<\/li><li><strong>Normaler Verschlei\u00df:<\/strong> Wir \u00fcbernehmen keine Haftung f\u00fcr Sch\u00e4den, die durch normale Abnutzung im Laufe der Zeit entstehen. Produkte, die \u00fcber einen l\u00e4ngeren Zeitraum genutzt wurden und Gebrauchsspuren aufweisen, gelten nicht als mangelhaft.<\/li><li><strong>Produktmissbrauch:<\/strong> Wir \u00fcbernehmen keine Verantwortung f\u00fcr Probleme, die durch unsachgem\u00e4\u00dfe Verwendung, ungen\u00fcgende Wartung oder nicht autorisierte \u00c4nderungen am Produkt durch den Kunden entstehen.<\/li><\/ul><p>Diese Bestimmungen helfen, unsere Haftung in Situationen, die au\u00dferhalb unserer Kontrolle liegen oder durch unvorhersehbare und unvermeidbare Faktoren entstehen, zu definieren und zu begrenzen. Unser Ziel ist Transparenz hinsichtlich der Haftungsbeschr\u00e4nkungen, damit Kunden beim Kauf unserer Produkte klare Erwartungen haben.<\/p><p><strong>\u00c4nderungen der Nutzungsbedingungen<\/strong><\/p><p>Unser Unternehmen Anti\u0107 Kosta doo Stala\u0107 beh\u00e4lt sich das Recht vor, die Verkaufs- und Nutzungsbedingungen regelm\u00e4\u00dfig zu aktualisieren und anzupassen, um \u00c4nderungen unserer Gesch\u00e4ftspolitik, Gesetzes\u00e4nderungen, neuen Sicherheitsanforderungen oder der Benutzerfreundlichkeit Rechnung zu tragen. Jegliche \u00c4nderungen der Bedingungen werden deutlich auf unserer Website ver\u00f6ffentlicht und treten mit ihrer Ver\u00f6ffentlichung in Kraft.<\/p><p>Wir empfehlen Ihnen, die Nutzungsbedingungen regelm\u00e4\u00dfig zu \u00fcberpr\u00fcfen, um \u00fcber etwaige \u00c4nderungen informiert zu bleiben. Indem Sie unsere Dienste nach \u00c4nderungen der Nutzungsbedingungen weiterhin nutzen, gelten diese \u00c4nderungen als von Ihnen akzeptiert. Sollten Sie mit den aktualisierten Nutzungsbedingungen nicht einverstanden sein, haben Sie das Recht, die Nutzung unserer Dienste einzustellen.<\/p>\t\t\t\t\t\t<\/div>\n\t\t\t\t<\/div>\n\t\t\t\t\t<\/div>\n\t\t\t\t<\/div>\n\t\t\t\t<\/div>","protected":false},"excerpt":{"rendered":"<p>Op\u0161ti Uslovi Prodaje i Kori\u0161\u0107enja Uvod Ovi Uslovi prodaje i kori\u0161\u0107enja defini\u0161u pravila koja se odnose na kupovinu i kori\u0161\u0107enje proizvoda i usluga koje nudi kompanija Anti\u0107 Kosta d.o.o. Stala\u0107. Va\u0161im pristupom, pregledom ili kori\u0161\u0107enjem na\u0161ih usluga, pristajete na sve uslove koji su navedeni u ovom dokumentu. Molimo vas da pa\u017eljivo pro\u010ditate sve uslove pre [&hellip;]<\/p>","protected":false},"author":1,"featured_media":0,"parent":0,"menu_order":0,"comment_status":"closed","ping_status":"closed","template":"elementor_header_footer","meta":{"footnotes":""},"class_list":["post-14348","page","type-page","status-publish","hentry"],"_links":{"self":[{"href":"https:\/\/antic-kosta.com\/de\/wp-json\/wp\/v2\/pages\/14348","targetHints":{"allow":["GET"]}}],"collection":[{"href":"https:\/\/antic-kosta.com\/de\/wp-json\/wp\/v2\/pages"}],"about":[{"href":"https:\/\/antic-kosta.com\/de\/wp-json\/wp\/v2\/types\/page"}],"author":[{"embeddable":true,"href":"https:\/\/antic-kosta.com\/de\/wp-json\/wp\/v2\/users\/1"}],"replies":[{"embeddable":true,"href":"https:\/\/antic-kosta.com\/de\/wp-json\/wp\/v2\/comments?post=14348"}],"version-history":[{"count":0,"href":"https:\/\/antic-kosta.com\/de\/wp-json\/wp\/v2\/pages\/14348\/revisions"}],"wp:attachment":[{"href":"https:\/\/antic-kosta.com\/de\/wp-json\/wp\/v2\/media?parent=14348"}],"curies":[{"name":"wp","href":"https:\/\/api.w.org\/{rel}","templated":true}]}}